{"id":88717,"date":"2021-03-19T08:59:40","date_gmt":"2021-03-19T07:59:40","guid":{"rendered":"https:\/\/undsgn.com\/uncode\/?page_id=88717"},"modified":"2026-03-23T10:37:39","modified_gmt":"2026-03-23T10:37:39","slug":"home","status":"publish","type":"page","link":"https:\/\/eonix.pt\/","title":{"rendered":"Home"},"content":{"rendered":"<div class=\"wpb-content-wrapper\"><p>[vc_row row_height_percent=&#8221;0&#8243; override_padding=&#8221;yes&#8221; h_padding=&#8221;2&#8243; top_padding=&#8221;7&#8243; bottom_padding=&#8221;7&#8243; back_color=&#8221;color-xsdn&#8221; overlay_alpha=&#8221;50&#8243; gutter_size=&#8221;3&#8243; column_width_percent=&#8221;100&#8243; shift_y=&#8221;0&#8243; z_index=&#8221;0&#8243;][vc_column width=&#8221;1\/1&#8243;][vc_custom_heading heading_semantic=&#8221;h1&#8243; text_size=&#8221;custom&#8221; text_weight=&#8221;300&#8243; uncode_shortcode_id=&#8221;203129&#8243; heading_custom_size=&#8221;clamp(45px,5vw,75px)&#8221;]Bem Vindos \u00e0\u00a0<span class=\"text-accent-color\">EONIX<\/span>[\/vc_custom_heading][vc_custom_heading text_color=&#8221;color-wvjs&#8221; text_size=&#8221;h3&#8243; text_weight=&#8221;300&#8243; text_height=&#8221;fontheight-357766&#8243; uncode_shortcode_id=&#8221;198671&#8243; text_color_type=&#8221;uncode-palette&#8221;]Trazemos para o mercado solu\u00e7\u00f5es estrat\u00e9gicas e sustent\u00e1veis que criam valor real para clientes e parceiros, promovendo crescimento consistente e resultados duradouros. Com foco na mobilidade el\u00e9trica e nos equipamentos de constru\u00e7\u00e3o, antecipamos as necessidades do setor e evolu\u00edmos continuamente para oferecer respostas eficientes, modernas e orientadas para o futuro.[\/vc_custom_heading][\/vc_column][\/vc_row][vc_row row_height_percent=&#8221;55&#8243; back_color=&#8221;color-wayh&#8221; back_image=&#8221;172729&#8243; back_position=&#8221;center bottom&#8221; parallax=&#8221;yes&#8221; kburns=&#8221;magnetic&#8221; overlay_alpha=&#8221;50&#8243; gutter_size=&#8221;3&#8243; column_width_percent=&#8221;100&#8243; shift_y=&#8221;0&#8243; z_index=&#8221;0&#8243; content_parallax=&#8221;0&#8243; uncode_shortcode_id=&#8221;200606&#8243; back_color_type=&#8221;uncode-palette&#8221;][vc_column column_width_percent=&#8221;100&#8243; position_vertical=&#8221;middle&#8221; gutter_size=&#8221;3&#8243; overlay_alpha=&#8221;50&#8243; shift_x=&#8221;0&#8243; shift_y=&#8221;0&#8243; shift_y_down=&#8221;0&#8243; z_index=&#8221;0&#8243; medium_width=&#8221;0&#8243; mobile_width=&#8221;0&#8243; width=&#8221;1\/1&#8243; uncode_shortcode_id=&#8221;586864&#8243; mobile_height=&#8221;380&#8243;][\/vc_column][\/vc_row][vc_row unlock_row_content=&#8221;yes&#8221; row_height_percent=&#8221;0&#8243; override_padding=&#8221;yes&#8221; h_padding=&#8221;0&#8243; top_padding=&#8221;0&#8243; bottom_padding=&#8221;0&#8243; back_color=&#8221;color-lxmt&#8221; overlay_alpha=&#8221;50&#8243; equal_height=&#8221;yes&#8221; gutter_size=&#8221;0&#8243; column_width_percent=&#8221;100&#8243; shift_y=&#8221;0&#8243; z_index=&#8221;0&#8243; bottom_divider=&#8221;gradient&#8221;][vc_column column_width_use_pixel=&#8221;yes&#8221; position_horizontal=&#8221;right&#8221; gutter_size=&#8221;3&#8243; override_padding=&#8221;yes&#8221; column_padding=&#8221;5&#8243; style=&#8221;dark&#8221; back_color=&#8221;accent&#8221; overlay_alpha=&#8221;50&#8243; shift_x=&#8221;0&#8243; shift_y=&#8221;0&#8243; shift_y_down=&#8221;0&#8243; z_index=&#8221;0&#8243; medium_width=&#8221;4&#8243; mobile_width=&#8221;0&#8243; width=&#8221;1\/3&#8243; column_width_pixel=&#8221;466&#8243; uncode_shortcode_id=&#8221;161503&#8243; back_color_type=&#8221;uncode-palette&#8221;][vc_custom_heading heading_semantic=&#8221;h3&#8243; text_size=&#8221;h1&#8243; text_weight=&#8221;300&#8243; sub_lead=&#8221;yes&#8221; sub_reduced=&#8221;yes&#8221; subheading=&#8221;As escavadoras EONIX oferecem pot\u00eancia e precis\u00e3o para qualquer desafio em obra.<br \/>\nRobustas e eficientes, garantem desempenho, fiabilidade e m\u00e1xima produtividade.&#8221; uncode_shortcode_id=&#8221;150277&#8243; text_color_type=&#8221;uncode-palette&#8221; text_color_solid=&#8221;#ff0000&#8243;]Escavadoras[\/vc_custom_heading][uncode_list larger=&#8221;yes&#8221; icon=&#8221;fa fa-circle-check&#8221; uncode_shortcode_id=&#8221;527293&#8243;]<\/p>\n<ul>\n<li>Sistema hidr\u00e1ulico de alta precis\u00e3o<\/li>\n<li>Motores eficientes e baixo consumo<\/li>\n<li>Estrutura robusta e elevada durabilidade<\/li>\n<li>F\u00e1cil manuten\u00e7\u00e3o e opera\u00e7\u00e3o intuitiva<\/li>\n<\/ul>\n<p>[\/uncode_list][vc_separator sep_color=&#8221;,Default&#8221;][vc_button size=&#8221;btn-lg&#8221; radius=&#8221;btn-circle&#8221; custom_typo=&#8221;yes&#8221; font_family=&#8221;font-377884&#8243; font_weight=&#8221;400&#8243; border_width=&#8221;0&#8243; link=&#8221;url:https%3A%2F%2Feonix.pt%2Findex.php%2Fescavadoras%2F|title:Escavadoras&#8221; uncode_shortcode_id=&#8221;158154&#8243;]Saiba mais[\/vc_button][\/vc_column][vc_column column_width_use_pixel=&#8221;yes&#8221; position_horizontal=&#8221;left&#8221; gutter_size=&#8221;3&#8243; override_padding=&#8221;yes&#8221; column_padding=&#8221;5&#8243; back_color=&#8221;color-lxmt&#8221; overlay_alpha=&#8221;50&#8243; shift_x=&#8221;0&#8243; shift_y=&#8221;0&#8243; shift_y_fixed=&#8221;yes&#8221; shift_y_down=&#8221;0&#8243; z_index=&#8221;0&#8243; medium_width=&#8221;4&#8243; mobile_width=&#8221;0&#8243; width=&#8221;1\/3&#8243; column_width_pixel=&#8221;466&#8243; uncode_shortcode_id=&#8221;144449&#8243; back_color_type=&#8221;uncode-palette&#8221;][vc_custom_heading heading_semantic=&#8221;h3&#8243; text_size=&#8221;h1&#8243; text_weight=&#8221;300&#8243; sub_lead=&#8221;yes&#8221; sub_reduced=&#8221;yes&#8221; subheading=&#8221;Os microcarros el\u00e9tricos EONIX combinam efici\u00eancia, tecnologia e mobilidade inteligente para o dia a dia urbano.<br \/>\nCompactos, econ\u00f3micos e sustent\u00e1veis, s\u00e3o a solu\u00e7\u00e3o ideal para uma condu\u00e7\u00e3o pr\u00e1tica e moderna.&#8221; uncode_shortcode_id=&#8221;140026&#8243; text_color_type=&#8221;uncode-palette&#8221; text_color_solid=&#8221;#ff0000&#8243;]Micro Carros[\/vc_custom_heading][uncode_list larger=&#8221;yes&#8221; icon=&#8221;fa fa-circle-check&#8221; icon_color=&#8221;accent&#8221; uncode_shortcode_id=&#8221;142196&#8243; icon_color_type=&#8221;uncode-palette&#8221;]<\/p>\n<ul>\n<li class=\"p1\">Motor el\u00e9trico de alta performance com zero emiss\u00f5es<\/li>\n<li>Economia m\u00e1xima na recarga e manuten\u00e7\u00e3o reduzida<\/li>\n<li>Dimens\u00f5es compactas perfeitas para a cidade e estacionamento f\u00e1cil<\/li>\n<li>Autonomia suficiente para todas as desloca\u00e7\u00f5es do quotidiano<\/li>\n<li>Habit\u00e1culo moderno equipado com tecnologia de seguran\u00e7a avan\u00e7ada<\/li>\n<\/ul>\n<p>[\/uncode_list][vc_separator sep_color=&#8221;,Default&#8221;][vc_button button_color=&#8221;accent&#8221; size=&#8221;btn-lg&#8221; radius=&#8221;btn-circle&#8221; custom_typo=&#8221;yes&#8221; font_family=&#8221;font-377884&#8243; font_weight=&#8221;400&#8243; border_width=&#8221;0&#8243; link=&#8221;url:https%3A%2F%2Feonix.pt%2Findex.php%2Fmini-carros%2F|title:Micro%20Carros&#8221; button_color_type=&#8221;uncode-palette&#8221; uncode_shortcode_id=&#8221;984706&#8243;]Saiba Mais[\/vc_button][\/vc_column][vc_column column_width_use_pixel=&#8221;yes&#8221; position_horizontal=&#8221;left&#8221; gutter_size=&#8221;3&#8243; override_padding=&#8221;yes&#8221; column_padding=&#8221;5&#8243; back_color=&#8221;color-gyho&#8221; overlay_alpha=&#8221;50&#8243; shift_x=&#8221;0&#8243; shift_y=&#8221;0&#8243; shift_y_down=&#8221;0&#8243; z_index=&#8221;0&#8243; medium_width=&#8221;0&#8243; mobile_width=&#8221;0&#8243; width=&#8221;1\/3&#8243; uncode_shortcode_id=&#8221;921495&#8243; column_width_pixel=&#8221;466&#8243; back_color_type=&#8221;uncode-palette&#8221;][vc_custom_heading heading_semantic=&#8221;h3&#8243; text_size=&#8221;h1&#8243; text_weight=&#8221;300&#8243; sub_lead=&#8221;yes&#8221; sub_reduced=&#8221;yes&#8221; subheading=&#8221;As bicicletas e scooters el\u00e9tricas EONIX combinam efici\u00eancia, tecnologia e mobilidade inteligente para o dia a dia urbano.<br \/>\nCompactas, econ\u00f3micas e sustent\u00e1veis, s\u00e3o a solu\u00e7\u00e3o ideal para uma condu\u00e7\u00e3o pr\u00e1tica e moderna.&#8221; uncode_shortcode_id=&#8221;193663&#8243; text_color_type=&#8221;uncode-palette&#8221; text_color_solid=&#8221;#ff0000&#8243;]Bicicletas e Scooters[\/vc_custom_heading][uncode_list larger=&#8221;yes&#8221; icon=&#8221;fa fa-circle-check&#8221; icon_color=&#8221;color-482803&#8243; uncode_shortcode_id=&#8221;228497&#8243; icon_color_type=&#8221;uncode-palette&#8221;]<\/p>\n<ul>\n<li>Motoriza\u00e7\u00e3o el\u00e9trica eficiente e silenciosa<\/li>\n<li>Baixo consumo e custos reduzidos de utiliza\u00e7\u00e3o<\/li>\n<li>Design compacto ideal para ambiente urbano<\/li>\n<li>Autonomia fi\u00e1vel para percursos di\u00e1rios e desloca\u00e7\u00f5es urbanas<\/li>\n<li>Tecnologia moderna com conforto e seguran\u00e7a<\/li>\n<\/ul>\n<p>[\/uncode_list][vc_separator sep_color=&#8221;,Default&#8221;][vc_button button_color=&#8221;accent&#8221; size=&#8221;btn-lg&#8221; radius=&#8221;btn-circle&#8221; custom_typo=&#8221;yes&#8221; font_family=&#8221;font-377884&#8243; font_weight=&#8221;400&#8243; border_width=&#8221;0&#8243; link=&#8221;url:https%3A%2F%2Feonix.pt%2Findex.php%2Fbicicletas%2F|title:Micro%20Carros&#8221; button_color_type=&#8221;uncode-palette&#8221; uncode_shortcode_id=&#8221;269422&#8243;]Saiba Mais[\/vc_button][\/vc_column][\/vc_row]<\/p>\n<\/div>","protected":false},"excerpt":{"rendered":"<p>[vc_row row_height_percent=&#8221;0&#8243; override_padding=&#8221;yes&#8221; h_padding=&#8221;2&#8243; top_padding=&#8221;7&#8243; bottom_padding=&#8221;7&#8243; back_color=&#8221;color-xsdn&#8221; overlay_alpha=&#8221;50&#8243; gutter_size=&#8221;3&#8243; column_width_percent=&#8221;100&#8243; shift_y=&#8221;0&#8243; z_index=&#8221;0&#8243;][vc_column width=&#8221;1\/1&#8243;][vc_custom_heading heading_semantic=&#8221;h1&#8243; text_size=&#8221;custom&#8221; text_weight=&#8221;300&#8243; uncode_shortcode_id=&#8221;203129&#8243; heading_custom_size=&#8221;clamp(45px,5vw,75px)&#8221;]Bem Vindos \u00e0\u00a0EONIX[\/vc_custom_heading][vc_custom_heading [&hellip;]<\/p>\n","protected":false},"author":1,"featured_media":0,"parent":0,"menu_order":0,"comment_status":"closed","ping_status":"closed","template":"","meta":{"footnotes":""},"class_list":["post-88717","page","type-page","status-publish","hentry"],"_links":{"self":[{"href":"https:\/\/eonix.pt\/index.php\/wp-json\/wp\/v2\/pages\/88717","targetHints":{"allow":["GET"]}}],"collection":[{"href":"https:\/\/eonix.pt\/index.php\/wp-json\/wp\/v2\/pages"}],"about":[{"href":"https:\/\/eonix.pt\/index.php\/wp-json\/wp\/v2\/types\/page"}],"author":[{"embeddable":true,"href":"https:\/\/eonix.pt\/index.php\/wp-json\/wp\/v2\/users\/1"}],"replies":[{"embeddable":true,"href":"https:\/\/eonix.pt\/index.php\/wp-json\/wp\/v2\/comments?post=88717"}],"version-history":[{"count":18,"href":"https:\/\/eonix.pt\/index.php\/wp-json\/wp\/v2\/pages\/88717\/revisions"}],"predecessor-version":[{"id":173090,"href":"https:\/\/eonix.pt\/index.php\/wp-json\/wp\/v2\/pages\/88717\/revisions\/173090"}],"wp:attachment":[{"href":"https:\/\/eonix.pt\/index.php\/wp-json\/wp\/v2\/media?parent=88717"}],"curies":[{"name":"wp","href":"https:\/\/api.w.org\/{rel}","templated":true}]}}