{"id":172670,"date":"2026-02-16T02:58:55","date_gmt":"2026-02-16T02:58:55","guid":{"rendered":"http:\/\/localhost\/eonixfin\/?page_id=172670"},"modified":"2026-03-08T17:36:37","modified_gmt":"2026-03-08T17:36:37","slug":"skid-steer-loader","status":"publish","type":"page","link":"https:\/\/eonix.pt\/index.php\/escavadoras\/skid-steer-loader\/","title":{"rendered":"Skid Steer Loader"},"content":{"rendered":"<div class=\"wpb-content-wrapper\"><p>[vc_row][vc_column][vc_column_text uncode_shortcode_id=&#8221;139009&#8243;]<\/p>\n<div class=\"flex max-w-full flex-col grow\">\n<div class=\"min-h-8 text-message relative flex w-full flex-col items-end gap-2 text-start break-words whitespace-normal [.text-message+&amp;]:mt-1\" dir=\"auto\" data-message-author-role=\"assistant\" data-message-id=\"6b50470f-93c2-4641-9252-e073bb5b58f5\" data-message-model-slug=\"gpt-5-2\">\n<div class=\"flex w-full flex-col gap-1 empty:hidden first:pt-[1px]\">\n<div class=\"markdown prose dark:prose-invert w-full wrap-break-word dark markdown-new-styling\">\n<p data-start=\"0\" data-end=\"295\">A Skid Steer Loader LT45 \u00e9 uma m\u00e1quina compacta, robusta e altamente vers\u00e1til, ideal para trabalhos de constru\u00e7\u00e3o, agricultura e movimenta\u00e7\u00e3o de materiais. Com capacidade nominal de 700 kg e peso aproximado de 2.600 kg, oferece excelente estabilidade e desempenho em diferentes tipos de terreno.<\/p>\n<p data-start=\"297\" data-end=\"553\">Equipada com motor LS (Coreano) \u2013 Euro 5, garante efici\u00eancia, fiabilidade e menor emiss\u00e3o de poluentes. A capacidade do balde de 0,4 m\u00b3 permite uma opera\u00e7\u00e3o produtiva, facilitando o carregamento e transporte de materiais como terra, areia, brita e entulho.<\/p>\n<p data-start=\"555\" data-end=\"820\">Com opera\u00e7\u00e3o mec\u00e2nica simples e intuitiva, a LT45 proporciona controlo preciso e manuten\u00e7\u00e3o facilitada. A cabine fechada com ventila\u00e7\u00e3o assegura maior conforto e prote\u00e7\u00e3o ao operador, tornando-a adequada para utiliza\u00e7\u00e3o prolongada em diversas condi\u00e7\u00f5es de trabalho.<\/p>\n<p data-start=\"822\" data-end=\"1054\">De s\u00e9rie, inclui balde standard, pronto para entrar em a\u00e7\u00e3o. Como opcional, est\u00e1 dispon\u00edvel o balde 4 em 1, que amplia significativamente a versatilidade da m\u00e1quina, permitindo fun\u00e7\u00f5es de carga, nivelamento, escava\u00e7\u00e3o e agarramento.<\/p>\n<p data-start=\"1056\" data-end=\"1186\" data-is-last-node=\"\" data-is-only-node=\"\">Compacta, potente e funcional, a LT45 \u00e9 uma solu\u00e7\u00e3o eficiente para quem procura produtividade e excelente rela\u00e7\u00e3o qualidade-pre\u00e7o.<\/p>\n<\/div>\n<\/div>\n<\/div>\n<\/div>\n<p>[\/vc_column_text][\/vc_column][\/vc_row]<\/p>\n<\/div>","protected":false},"excerpt":{"rendered":"<p>Redefining the boundaries of automotive excellence, the Aquila Turbo combines breathtaking acceleration with poised agility. Its distinctive design language speaks of performance potential while maintaining the understated elegance that has become synonymous with Stellion&#8217;s revered heritage.<\/p>\n","protected":false},"author":1,"featured_media":172671,"parent":156037,"menu_order":0,"comment_status":"closed","ping_status":"closed","template":"","meta":{"footnotes":""},"class_list":["post-172670","page","type-page","status-publish","has-post-thumbnail","hentry","page_category-escavadoras"],"_links":{"self":[{"href":"https:\/\/eonix.pt\/index.php\/wp-json\/wp\/v2\/pages\/172670","targetHints":{"allow":["GET"]}}],"collection":[{"href":"https:\/\/eonix.pt\/index.php\/wp-json\/wp\/v2\/pages"}],"about":[{"href":"https:\/\/eonix.pt\/index.php\/wp-json\/wp\/v2\/types\/page"}],"author":[{"embeddable":true,"href":"https:\/\/eonix.pt\/index.php\/wp-json\/wp\/v2\/users\/1"}],"replies":[{"embeddable":true,"href":"https:\/\/eonix.pt\/index.php\/wp-json\/wp\/v2\/comments?post=172670"}],"version-history":[{"count":1,"href":"https:\/\/eonix.pt\/index.php\/wp-json\/wp\/v2\/pages\/172670\/revisions"}],"predecessor-version":[{"id":172673,"href":"https:\/\/eonix.pt\/index.php\/wp-json\/wp\/v2\/pages\/172670\/revisions\/172673"}],"up":[{"embeddable":true,"href":"https:\/\/eonix.pt\/index.php\/wp-json\/wp\/v2\/pages\/156037"}],"wp:featuredmedia":[{"embeddable":true,"href":"https:\/\/eonix.pt\/index.php\/wp-json\/wp\/v2\/media\/172671"}],"wp:attachment":[{"href":"https:\/\/eonix.pt\/index.php\/wp-json\/wp\/v2\/media?parent=172670"}],"curies":[{"name":"wp","href":"https:\/\/api.w.org\/{rel}","templated":true}]}}